{"id":4,"date":"2019-02-06T18:31:29","date_gmt":"2019-02-06T18:31:29","guid":{"rendered":"http:\/\/neu.aws-colourbeam.de\/?page_id=4"},"modified":"2019-02-06T19:52:21","modified_gmt":"2019-02-06T19:52:21","slug":"wir-beleuchten-ereignisse","status":"publish","type":"page","link":"https:\/\/aws-colourbeam.de\/","title":{"rendered":"Wir beleuchten Ereignisse\u2026."},"content":{"rendered":"\n\n\n\n\n<p><strong>und das seit 1992<\/strong><\/p>\n\n\n\n<h2 class=\"wp-block-heading\">Profitieren Sie von unserer langj\u00e4hrigen Erfahrung !<\/h2>\n\n\n\n<h4 class=\"wp-block-heading\">Wir freuen uns, dass Sie unsere neue Internet-Pr\u00e4senz besuchen.<\/h4>\n\n\n\n<p>Als modernes Unternehmen wollen wir Sie gerne auch online mit allen Informationen rund um unsere Angebote versorgen.<\/p>\n\n\n\n<p>Wer erfolgreich sein m\u00f6chte ben\u00f6tigt das richtige Konzept und die darauf zugeschnittene Technik. Unser Team ist seit vielen Jahren im Bereich professioneller Veranstaltungstechnik t\u00e4tig. Dabei liegen unsere Schwerpunkte in den Bereichen B\u00fchnenbeleuchtung , Spezialeffekte , Architekturlicht und Lasershow. Seit der Firmengr\u00fcndung 1992 f\u00fchrte das stetige Wachstum zu einem gro\u00dfen und vielf\u00e4ltigen Materialbestand, der einer st\u00e4ndigen Erweiterung unterliegt.<\/p>\n\n\n\n<p>Wenn Sie unser Unternehmen noch gar nicht kennen, und erst im Internet von uns erfahren haben, w\u00fcrden wir uns freuen, von Ihnen zu h\u00f6ren! Bitte lassen Sie uns Ihre W\u00fcnsche und Fragen wissen,\u00a0wir beraten\u00a0Sie ausf\u00fchrlich.<\/p>\n\n\n\n<h3 class=\"wp-block-heading\">B\u00fchnenbeleuchtung &#8211; Spezialeffekte -Veranstaltungstechnik- Lichtverleih<\/h3>\n\n\n\n<ul class=\"wp-block-list\"><li>Technische Konzepte f\u00fcr Shows, B\u00fchnen, Messen, Pr\u00e4sentationen,<br><\/li><li>B\u00fchnenbeleuchtungen Indoor und Openair f\u00fcr alle Events und Anl\u00e4sse<br><\/li><li>Effektbeleuchtungen f\u00fcr alle Arten von Show, Konzerten und Pr\u00e4sentationen<br><\/li><li>Messestand- und Objektbeleuchtung<br><\/li><li>Architekturlicht, Aussenbeleuchtung<br><\/li><li>Gobo-Projektionen<br><\/li><li>Tageslichtverfolger<br><\/li><li>Showlaseranlagen<br><\/li><li>Wasserleinw\u00e4nde<br><\/li><li>Hydroschilde<\/li><\/ul>\n\n\n\n<h3 class=\"wp-block-heading\">Gerne stehen wir Ihnen bei Ihren Projekten als zuverl\u00e4ssiger Partner zur Seite.<\/h3>\n\n\n\n<figure class=\"wp-block-image\"><a href=\"https:\/\/www.facebook.com\/AwsColourbeam\/photos_stream?tab=photos_albums\" target=\"_blank\" rel=\"noreferrer noopener\"><img loading=\"lazy\" decoding=\"async\" width=\"150\" height=\"128\" src=\"http:\/\/neu.aws-colourbeam.de\/wp-content\/uploads\/2019\/02\/facebook.jpg\" alt=\"\" class=\"wp-image-60\" srcset=\"https:\/\/aws-colourbeam.de\/wp-content\/uploads\/2019\/02\/facebook.jpg 150w, https:\/\/aws-colourbeam.de\/wp-content\/uploads\/2019\/02\/facebook-1x1.jpg 1w\" sizes=\"auto, (max-width: 150px) 100vw, 150px\" \/><\/a><\/figure>\n\n\n\n<p><\/p>\n","protected":false},"excerpt":{"rendered":"<p>und das seit 1992 Profitieren Sie von unserer langj\u00e4hrigen Erfahrung ! Wir freuen uns, dass Sie unsere neue Internet-Pr\u00e4senz besuchen. Als modernes Unternehmen wollen wir Sie gerne auch online mit allen Informationen rund um unsere Angebote versorgen. Wer erfolgreich sein m\u00f6chte ben\u00f6tigt das richtige Konzept und die darauf zugeschnittene Technik. Unser Team ist seit vielen [&hellip;]<\/p>\n","protected":false},"author":1,"featured_media":0,"parent":0,"menu_order":0,"comment_status":"closed","ping_status":"closed","template":"","meta":{"ngg_post_thumbnail":0,"footnotes":""},"class_list":["post-4","page","type-page","status-publish","hentry"],"_links":{"self":[{"href":"https:\/\/aws-colourbeam.de\/index.php?rest_route=\/wp\/v2\/pages\/4","targetHints":{"allow":["GET"]}}],"collection":[{"href":"https:\/\/aws-colourbeam.de\/index.php?rest_route=\/wp\/v2\/pages"}],"about":[{"href":"https:\/\/aws-colourbeam.de\/index.php?rest_route=\/wp\/v2\/types\/page"}],"author":[{"embeddable":true,"href":"https:\/\/aws-colourbeam.de\/index.php?rest_route=\/wp\/v2\/users\/1"}],"replies":[{"embeddable":true,"href":"https:\/\/aws-colourbeam.de\/index.php?rest_route=%2Fwp%2Fv2%2Fcomments&post=4"}],"version-history":[{"count":5,"href":"https:\/\/aws-colourbeam.de\/index.php?rest_route=\/wp\/v2\/pages\/4\/revisions"}],"predecessor-version":[{"id":61,"href":"https:\/\/aws-colourbeam.de\/index.php?rest_route=\/wp\/v2\/pages\/4\/revisions\/61"}],"wp:attachment":[{"href":"https:\/\/aws-colourbeam.de\/index.php?rest_route=%2Fwp%2Fv2%2Fmedia&parent=4"}],"curies":[{"name":"wp","href":"https:\/\/api.w.org\/{rel}","templated":true}]}}